{"id":164,"date":"2023-11-29T11:26:45","date_gmt":"2023-11-29T10:26:45","guid":{"rendered":"https:\/\/www.gasthausnestroy.at\/?page_id=164"},"modified":"2023-11-30T10:22:29","modified_gmt":"2023-11-30T09:22:29","slug":"lieferanten","status":"publish","type":"page","link":"https:\/\/www.gasthausnestroy.at\/en\/lieferanten\/","title":{"rendered":"Suppliers"},"content":{"rendered":"<div class=\"fusion-fullwidth fullwidth-box fusion-builder-row-1 fusion-flex-container has-pattern-background has-mask-background nonhundred-percent-fullwidth non-hundred-percent-height-scrolling\" style=\"--awb-border-radius-top-left:0px;--awb-border-radius-top-right:0px;--awb-border-radius-bottom-right:0px;--awb-border-radius-bottom-left:0px;--awb-background-color:var(--awb-color1);--awb-flex-wrap:wrap;\" ><div class=\"fusion-builder-row fusion-row fusion-flex-align-items-flex-start fusion-flex-content-wrap\" style=\"max-width:1248px;margin-left: calc(-4% \/ 2 );margin-right: calc(-4% \/ 2 );\"><div class=\"fusion-layout-column fusion_builder_column fusion-builder-column-0 fusion_builder_column_1_2 1_2 fusion-flex-column\" style=\"--awb-bg-size:cover;--awb-width-large:50%;--awb-margin-top-large:0px;--awb-spacing-right-large:3.84%;--awb-margin-bottom-large:20px;--awb-spacing-left-large:3.84%;--awb-width-medium:50%;--awb-order-medium:0;--awb-spacing-right-medium:3.84%;--awb-spacing-left-medium:3.84%;--awb-width-small:100%;--awb-order-small:0;--awb-spacing-right-small:1.92%;--awb-spacing-left-small:1.92%;\"><div class=\"fusion-column-wrapper fusion-column-has-shadow fusion-flex-justify-content-flex-start fusion-content-layout-column\"><div class=\"fusion-text fusion-text-1\"><ul>\n<li><a title=\"N\u00f6m\" href=\"https:\/\/www.karnerta.at\/\" target=\"_blank\" rel=\"noopener\">N\u00d6M Gastro<\/a><\/li>\n<li><a title=\"Gastronomie &amp; Lebensmittel Gro\u00dfhandel online \u00d6sterreich - KR\u00d6SWANG\" href=\"https:\/\/www.kroeswang.at\/\" target=\"_blank\" rel=\"noopener\">Kr\u00f6swang \u2013 der Frischelieferant<\/a><\/li>\n<li><a href=\"https:\/\/spargel.at\/\" target=\"_blank\" rel=\"noopener\">Spargel iser<\/a><\/li>\n<li><a title=\"Vitikult\" href=\"http:\/\/www.vitikult.at\/\" target=\"_blank\" rel=\"noopener\">Vitikult Winzer<\/a><\/li>\n<li><a href=\"https:\/\/www.hacker-pschorr.de\/\" target=\"_blank\" rel=\"noopener\">Paulaner \u2013 Hacker Pschorr Bier<\/a><\/li>\n<li><a href=\"https:\/\/www.andechs.de\/\" target=\"_blank\" rel=\"noopener\">Kloster Andechs Bier<\/a><\/li>\n<li><a title=\"Wendelin Wein\" href=\"http:\/\/www.wendelin.at\/\" target=\"_blank\" rel=\"noopener\">Wendelin Wein<\/a><\/li>\n<\/ul>\n<\/div><\/div><\/div><div class=\"fusion-layout-column fusion_builder_column fusion-builder-column-1 fusion_builder_column_1_2 1_2 fusion-flex-column\" style=\"--awb-bg-size:cover;--awb-width-large:50%;--awb-margin-top-large:0px;--awb-spacing-right-large:3.84%;--awb-margin-bottom-large:20px;--awb-spacing-left-large:3.84%;--awb-width-medium:50%;--awb-order-medium:0;--awb-spacing-right-medium:3.84%;--awb-spacing-left-medium:3.84%;--awb-width-small:100%;--awb-order-small:0;--awb-spacing-right-small:1.92%;--awb-spacing-left-small:1.92%;\"><div class=\"fusion-column-wrapper fusion-column-has-shadow fusion-flex-justify-content-flex-start fusion-content-layout-column\"><div class=\"fusion-text fusion-text-2\"><ul>\n<li><a title=\"Ofenfrisches Geb\u00e4ck mit Resch &amp; Frisch Back's Zuhause\" href=\"https:\/\/www.resch-frisch.com\/fuer-zuhause\/\" target=\"_blank\" rel=\"noopener\">Resch &amp; Frisch Geb\u00e4ck<\/a><\/li>\n<li><a title=\"Chilihof\" href=\"http:\/\/chilihof.at\/\" target=\"_blank\" rel=\"noopener\">Nat\u00fcrliche Sch\u00e4rfe vom Chilihof<\/a><\/li>\n<li><a href=\"https:\/\/www.hirterbier.at\/\" target=\"_blank\" rel=\"noopener\">Hirter Bier<\/a><\/li>\n<li><a href=\"https:\/\/www.augustiner-braeu.de\/\" target=\"_blank\" rel=\"noopener\">Augustiner Edelstoff aus M\u00fcnchen<\/a><\/li>\n<li><a title=\"Noem Gast\" href=\"https:\/\/noem-gast.at\/\" target=\"_blank\" rel=\"noopener\">Noem Gast<\/a><\/li>\n<li><a title=\"Schmreser\" href=\"https:\/\/schremser.at\/\" target=\"_blank\" rel=\"noopener\">Schremser<\/a><\/li>\n<li><a title=\"Bierwerkstatt\" href=\"https:\/\/www.bierwerkstatt.at\/\" target=\"_blank\" rel=\"noopener\">Bierwerkstatt<\/a><\/li>\n<li><a title=\"Delfabrolarik\" href=\"https:\/\/delfabrokolarik.at\/\" target=\"_blank\" rel=\"noopener\">Delfabrokolarik<\/a><\/li>\n<\/ul>\n<\/div><\/div><\/div><\/div><\/div>","protected":false},"excerpt":{"rendered":"","protected":false},"author":1,"featured_media":0,"parent":0,"menu_order":10,"comment_status":"closed","ping_status":"closed","template":"100-width.php","meta":{"om_disable_all_campaigns":false,"_monsterinsights_skip_tracking":false,"_monsterinsights_sitenote_active":false,"_monsterinsights_sitenote_note":"","_monsterinsights_sitenote_category":0,"_uf_show_specific_survey":0,"_uf_disable_surveys":false,"footnotes":""},"class_list":["post-164","page","type-page","status-publish","hentry"],"aioseo_notices":[],"_links":{"self":[{"href":"https:\/\/www.gasthausnestroy.at\/en\/wp-json\/wp\/v2\/pages\/164","targetHints":{"allow":["GET"]}}],"collection":[{"href":"https:\/\/www.gasthausnestroy.at\/en\/wp-json\/wp\/v2\/pages"}],"about":[{"href":"https:\/\/www.gasthausnestroy.at\/en\/wp-json\/wp\/v2\/types\/page"}],"author":[{"embeddable":true,"href":"https:\/\/www.gasthausnestroy.at\/en\/wp-json\/wp\/v2\/users\/1"}],"replies":[{"embeddable":true,"href":"https:\/\/www.gasthausnestroy.at\/en\/wp-json\/wp\/v2\/comments?post=164"}],"version-history":[{"count":5,"href":"https:\/\/www.gasthausnestroy.at\/en\/wp-json\/wp\/v2\/pages\/164\/revisions"}],"predecessor-version":[{"id":635,"href":"https:\/\/www.gasthausnestroy.at\/en\/wp-json\/wp\/v2\/pages\/164\/revisions\/635"}],"wp:attachment":[{"href":"https:\/\/www.gasthausnestroy.at\/en\/wp-json\/wp\/v2\/media?parent=164"}],"curies":[{"name":"wp","href":"https:\/\/api.w.org\/{rel}","templated":true}]}}